{"id":1775,"date":"2021-04-28T20:56:58","date_gmt":"2021-04-28T17:56:58","guid":{"rendered":"http:\/\/www.koroinen.fi\/artikkelit\/?page_id=1775"},"modified":"2026-03-31T22:07:52","modified_gmt":"2026-03-31T19:07:52","slug":"kotiseutuyhdistys","status":"publish","type":"page","link":"https:\/\/www.koroinen.fi\/artikkelit\/kotiseutuyhdistys\/","title":{"rendered":"Kotiseutuyhdistys ja Koroinen.fi"},"content":{"rendered":"<div class=\"wp-block-image\">\n<figure class=\"aligncenter size-full is-resized\"><img loading=\"lazy\" decoding=\"async\" width=\"450\" height=\"200\" src=\"http:\/\/www.koroinen.fi\/artikkelit\/wp-content\/uploads\/2015\/10\/halinen_1.jpg\" alt=\"\" class=\"wp-image-27\" style=\"width:450px;height:200px\" srcset=\"https:\/\/www.koroinen.fi\/artikkelit\/wp-content\/uploads\/2015\/10\/halinen_1.jpg 450w, https:\/\/www.koroinen.fi\/artikkelit\/wp-content\/uploads\/2015\/10\/halinen_1-300x133.jpg 300w\" sizes=\"auto, (max-width: 450px) 100vw, 450px\" \/><\/figure>\n<\/div>\n\n\n<h2 class=\"wp-block-heading has-text-align-center\"><strong>HALINEN-R\u00c4NT\u00c4M\u00c4KI ry<\/strong> <\/h2>\n\n\n\n<p>Kotiseutuyhdistys Halinen-R\u00e4nt\u00e4m\u00e4ki ry on perustettu 12.12.1997 alueen kulttuuristen arvojen yll\u00e4pit\u00e4miseksi ja kehitt\u00e4miseksi.&nbsp;Halinen-R\u00e4nt\u00e4m\u00e4ki ry:n toinen t\u00e4rke\u00e4 teht\u00e4v\u00e4 on ollut luoda yhteisty\u00f6verkostoja ja lis\u00e4t\u00e4 asukkaiden viihtyvyytt\u00e4 ja yhteenkuuluvuutta, kasvattaa kotiseutuhenke\u00e4. <\/p>\n\n\n<div class=\"wp-block-image\">\n<figure class=\"aligncenter size-full\"><img loading=\"lazy\" decoding=\"async\" width=\"2560\" height=\"1065\" src=\"http:\/\/www.koroinen.fi\/artikkelit\/wp-content\/uploads\/2022\/07\/IMG_1989-scaled.jpeg\" alt=\"\" class=\"wp-image-2077\" srcset=\"https:\/\/www.koroinen.fi\/artikkelit\/wp-content\/uploads\/2022\/07\/IMG_1989-scaled.jpeg 2560w, https:\/\/www.koroinen.fi\/artikkelit\/wp-content\/uploads\/2022\/07\/IMG_1989-scaled-300x125.jpeg 300w, https:\/\/www.koroinen.fi\/artikkelit\/wp-content\/uploads\/2022\/07\/IMG_1989-scaled-1024x426.jpeg 1024w, https:\/\/www.koroinen.fi\/artikkelit\/wp-content\/uploads\/2022\/07\/IMG_1989-768x320.jpeg 768w, https:\/\/www.koroinen.fi\/artikkelit\/wp-content\/uploads\/2022\/07\/IMG_1989-scaled-1536x639.jpeg 1536w, https:\/\/www.koroinen.fi\/artikkelit\/wp-content\/uploads\/2022\/07\/IMG_1989-scaled-2048x852.jpeg 2048w\" sizes=\"auto, (max-width: 2560px) 100vw, 2560px\" \/><figcaption class=\"wp-element-caption\">HaliSillan maisemaa 2017<\/figcaption><\/figure>\n<\/div>\n\n\n<h2 class=\"wp-block-heading has-text-align-center\">Koroinen.fi<\/h2>\n\n\n\n<p>Yhdistys hallinnoi verkkojulkaisua www.koroinen.fi. Julkaisun vastaavana p\u00e4\u00e4toimittajana on <strong>Tapio Jokinen <\/strong>ja toimitussihteerin\u00e4 <strong>Timo Leinonen.<\/strong> Verkkojulkaisu Koroinen.fi perustettiin eli 2008, samana vuonna kuin KoroiSet kaupunginosalehti ja Koroinen Facebook kaupunginosaryhm\u00e4 perustettiin. Kaikki aloittivat my\u00f6s toimintansa samana vuonna. Niin Koroinen.fi ja Koroinen ryhm\u00e4 jatkavat edelleen toimintaansa. KoroiSet lopetti toimintansa 2017 puuttuvien resurssiensa takia. <\/p>\n\n\n\n<p>Nimi Koroinen  viittaa t\u00e4ss\u00e4 yht\u00e4\u00e4lt\u00e4 KoroiSetin levikkialueseen Turussa. alueeseen kuuluivat Koroinen, R\u00e4nt\u00e4m\u00e4ki, Halinen, Oriketo ja osa Nummea.&nbsp;Nimi viittaa toisaalta my\u00f6s siihen tosiseikkaan, ett\u00e4 Koroinen on vanhinta Turkua ja mainitaan ensimm\u00e4isen kerran kirjallisissa l\u00e4hteiss\u00e4 jo vuonna 1229. Nimivalinnalla halutaan korostaa sit\u00e4, ett\u00e4 julkaisu ei el\u00e4 vain t\u00e4ss\u00e4 ja nyt -maailmassa. Julkaisussa on katsauksia ja kertomuksia jo kauan sitten eletyst\u00e4 ajasta, erityisesti t\u00e4m\u00e4 koskee julkaisuun vuonna 2017 liitetty\u00e4 FiloCafe-osastoa. T\u00e4m\u00e4 sivusto on syntynyt FiloCafe-iltojen j\u00e4rjest\u00e4mistoiminnan avuksi ja tueksi. Sivusto keskittyy iltaesittelyjen lis\u00e4ksi erityisesti filosofiaan, runouteen ja niden yhdistelmiin. <\/p>\n\n\n\n<figure class=\"wp-block-image size-large\"><a href=\"http:\/\/www.koroinen.fi\/artikkelit\/wp-content\/uploads\/2024\/09\/IMG_3263-3.jpeg\"><img loading=\"lazy\" decoding=\"async\" width=\"1024\" height=\"194\" src=\"http:\/\/www.koroinen.fi\/artikkelit\/wp-content\/uploads\/2024\/09\/IMG_3263-3-1024x194.jpeg\" alt=\"\" class=\"wp-image-3086\" srcset=\"https:\/\/www.koroinen.fi\/artikkelit\/wp-content\/uploads\/2024\/09\/IMG_3263-3-1024x194.jpeg 1024w, https:\/\/www.koroinen.fi\/artikkelit\/wp-content\/uploads\/2024\/09\/IMG_3263-3-300x57.jpeg 300w, https:\/\/www.koroinen.fi\/artikkelit\/wp-content\/uploads\/2024\/09\/IMG_3263-3-768x146.jpeg 768w, https:\/\/www.koroinen.fi\/artikkelit\/wp-content\/uploads\/2024\/09\/IMG_3263-3-600x114.jpeg 600w, https:\/\/www.koroinen.fi\/artikkelit\/wp-content\/uploads\/2024\/09\/IMG_3263-3.jpeg 1280w\" sizes=\"auto, (max-width: 1024px) 100vw, 1024px\" \/><\/a><\/figure>\n\n\n\n<h2 class=\"wp-block-heading\">Tiedotuksia:<\/h2>\n\n\n\n<p><\/p>\n\n\n\n<ul class=\"wp-block-list\">\n<li>Kutsu vuosikokoukseen kaikille j\u00e4senille 17.4.2026 kello 18.00. ks.<a href=\"http:\/\/www.koroinen.fi\/artikkelit\/wp-content\/uploads\/2026\/03\/KutsuVkokous2026Esityslista.pdf\"> t\u00e4st\u00e4.<\/a><\/li>\n\n\n\n<li><\/li>\n<\/ul>\n\n\n\n<hr class=\"wp-block-separator has-alpha-channel-opacity\"\/>\n\n\n\n<h3 class=\"wp-block-heading\">Yhdistystiedot: <\/h3>\n\n\n\n<p>timo.a.leinonen(at)gmail.com, puh 040 7425 061<\/p>\n\n\n\n<figure class=\"wp-block-table\"><table><tbody><tr><td><a href=\"http:\/\/www.koroinen.fi\/artikkelit\/wp-content\/uploads\/2021\/09\/YhdistysEsiteUusi1.pdf\" target=\"_blank\" rel=\"noreferrer noopener\" aria-label=\"Esite (avautuu uudessa v\u00e4lilehdess\u00e4)\">Esite<\/a><\/td><td><a href=\"http:\/\/www.koroinen.fi\/HaliSeura\/Saannot2017.pdf\" target=\"_blank\" rel=\"noreferrer noopener\" aria-label=\"S\u00e4\u00e4nn\u00f6t (avautuu uudessa v\u00e4lilehdess\u00e4)\">S\u00e4\u00e4nn\u00f6t<\/a><\/td><\/tr><tr><td><a rel=\"noreferrer noopener\" href=\"http:\/\/www.koroinen.fi\/artikkelit\/wp-content\/uploads\/2024\/02\/Toimintasuunnitelma2024.pdf\" data-type=\"URL\" data-id=\"http:\/\/www.koroinen.fi\/artikkelit\/wp-content\/uploads\/2024\/02\/Toimintasuunnitelma2024.pdf\" target=\"_blank\">Toimintasuunnitelma 2024<\/a> ja <a rel=\"noreferrer noopener\" href=\"http:\/\/www.koroinen.fi\/artikkelit\/wp-content\/uploads\/2025\/03\/Toimintasuunnitelma2025.pdf\" target=\"_blank\">2025<\/a><\/td><td><a rel=\"noreferrer noopener\" href=\"http:\/\/www.koroinen.fi\/artikkelit\/wp-content\/uploads\/2024\/02\/Toimintakertomus2023.pdf\" data-type=\"URL\" data-id=\"http:\/\/www.koroinen.fi\/artikkelit\/wp-content\/uploads\/2024\/02\/Toimintakertomus2023.pdf\" target=\"_blank\">Toimintakertomus 2023<\/a> ja <a rel=\"noreferrer noopener\" href=\"http:\/\/www.koroinen.fi\/artikkelit\/wp-content\/uploads\/2025\/03\/Toimintakertomus2024.pdf\" target=\"_blank\">2024<\/a><\/td><\/tr><tr><td><a href=\"http:\/\/www.koroinen.fi\/artikkelit\/wp-content\/uploads\/2026\/03\/Toimintasuunnitelma2026.pdf\">Toimintasuunnitelma 2026<\/a><a href=\"http:\/\/www.koroinen.fi\/artikkelit\/wp-content\/uploads\/2026\/03\/Toimintasuunnitelma2026.docx\" data-type=\"URL\" data-id=\"http:\/\/www.koroinen.fi\/artikkelit\/wp-content\/uploads\/2026\/03\/Toimintasuunnitelma2026.docx\" target=\"_blank\" rel=\"noreferrer noopener\"> <\/a><a href=\"http:\/\/www.koroinen.fi\/artikkelit\/wp-content\/uploads\/2026\/03\/Toimintasuunnitelma2026.docx\" data-type=\"URL\" data-id=\"http:\/\/www.koroinen.fi\/artikkelit\/wp-content\/uploads\/2026\/03\/Toimintasuunnitelma2026.docx\" target=\"_blank\" rel=\"noreferrer noopener\">(<\/a>ei viel\u00e4 hyv\u00e4ksytty)<\/td><td><a href=\"http:\/\/www.koroinen.fi\/artikkelit\/wp-content\/uploads\/2026\/03\/Toimintakertomus2025-1.pdf\">Toimintakertomus<\/a> 2025 (ei viel\u00e4 hyv\u00e4kytty)<\/td><\/tr><tr><td><a href=\"http:\/\/www.koroinen.fi\/artikkelit\/wp-content\/uploads\/2025\/03\/YhdistyksenHallinto2025.pdf\" data-type=\"URL\" data-id=\"http:\/\/www.koroinen.fi\/artikkelit\/wp-content\/uploads\/2025\/03\/YhdistyksenHallinto2025.pdf\" target=\"_blank\" rel=\"noreferrer noopener\">Hallinto 2025<\/a><\/td><td><a href=\"http:\/\/www.koroinen.fi\/artikkelit\/wp-content\/uploads\/2021\/04\/J\u00e4senhakemuslomake.pdf\" target=\"_blank\" rel=\"noreferrer noopener\" aria-label=\"Hae j\u00e4seneksi (avautuu uudessa v\u00e4lilehdess\u00e4)\">Hae j\u00e4seneksi<\/a><\/td><\/tr><tr><td><a href=\"http:\/\/www.koroinen.fi\/HaliSeura\/A_hinnat.pdf\" target=\"_blank\" rel=\"noreferrer noopener\" aria-label=\"Myyntituotteet (avautuu uudessa v\u00e4lilehdess\u00e4)\">Myyntituotteet<\/a><\/td><td><a href=\"http:\/\/www.koroinen.fi\/artikkelit\/wp-content\/uploads\/2023\/02\/Kulttuurikavely.pdf\" data-type=\"URL\" data-id=\"http:\/\/www.koroinen.fi\/artikkelit\/wp-content\/uploads\/2023\/02\/Kulttuurikavely.pdf\" target=\"_blank\" rel=\"noreferrer noopener\">Kulttuurik\u00e4vely<\/a><\/td><\/tr><tr><td><a rel=\"noreferrer noopener\" aria-label=\"Kylv\u00f6n Siunaus (avautuu uudessa v\u00e4lilehdess\u00e4)\" href=\"http:\/\/www.koroinen.fi\/artikkelit\/wp-content\/uploads\/2021\/05\/Kylv\u00f6nSiunaus.pdf\" target=\"_blank\">Kylv\u00f6n siunaus<\/a> 2021<\/td><td><a rel=\"noreferrer noopener\" href=\"\/\/www.koroinen.fi\/artikkelit\/halisviikko-2023-kevaan-juhlaa\/\" data-type=\"URL\" data-id=\"? https:\/\/www.koroinen.fi\/artikkelit\/halisviikko-2023-kevaan-juhlaa\/\" target=\"_blank\">HaliSviikko 2024<\/a> ja <a href=\"http:\/\/www.koroinen.fi\/artikkelit\/wp-content\/uploads\/2026\/03\/HaliSviikko2026Esite-.jpg\" data-type=\"URL\" data-id=\"http:\/\/www.koroinen.fi\/artikkelit\/wp-content\/uploads\/2026\/03\/HaliSviikko2026Esite-.jpg\" target=\"_blank\" rel=\"noreferrer noopener\">2025<\/a> (vain ohjelman runko)<\/td><\/tr><\/tbody><\/table><\/figure>\n\n\n<div class=\"wp-block-image is-style-rounded\">\n<figure class=\"aligncenter size-full is-resized\"><a href=\"http:\/\/www.koroinen.fi\/artikkelit\/wp-content\/uploads\/2023\/04\/IMG_1281.jpeg\"><img decoding=\"async\" src=\"http:\/\/www.koroinen.fi\/artikkelit\/wp-content\/uploads\/2023\/04\/IMG_1281.jpeg\" alt=\"\" class=\"wp-image-2671\" style=\"width:320px;height:240px\"\/><\/a><figcaption class=\"wp-element-caption\">Virnam\u00e4en kallion lakea, kulttuurik\u00e4velyn yksi pys\u00e4hdyspiste<\/figcaption><\/figure>\n<\/div>\n\n\n<h3 class=\"wp-block-heading\">Runolliset kulttuurik\u00e4velyt<\/h3>\n\n\n\n<p>Kotiseutuyhdistys j\u00e4rjest\u00e4\u00e4 ryhmille Halistenkosken alueella noin tunnin kestoisia, ohjattuja &#8221;Runollisia<a rel=\"noreferrer noopener\" aria-label=\"&nbsp;kulttuurik\u00e4velyretki\u00e4 (avautuu uudessa v\u00e4lilehdess\u00e4)\" href=\"http:\/\/www.koroinen.fi\/HaliSeura\/Kulttuurikavely.pdf\" target=\"_blank\">&nbsp;kulttuurik\u00e4velyretki\u00e4<\/a>&#8221;. Tarjouksia voi pyyt\u00e4\u00e4 osoitteesta timo.a.leinonen(at)gmail.com<\/p>\n\n\n\n<h4 class=\"wp-block-heading\">K\u00e4velyn teemaksi on valittavissa seuraavat vaihtoehdot:<\/h4>\n\n\n\n<ul class=\"wp-block-list\">\n<li>Kotiseutu, perusmallinen<a rel=\"noreferrer noopener\" aria-label=\" runollinen kulttuurik\u00e4vely (avautuu uudessa v\u00e4lilehdess\u00e4)\" href=\"http:\/\/www.koroinen.fi\/HaliSeura\/Kulttuurikavely.pdf\" target=\"_blank\"> <\/a><a href=\"http:\/\/www.koroinen.fi\/artikkelit\/wp-content\/uploads\/2023\/02\/Kulttuurikavely.pdf\" data-type=\"URL\" data-id=\"http:\/\/www.koroinen.fi\/artikkelit\/wp-content\/uploads\/2023\/02\/Kulttuurikavely.pdf\" target=\"_blank\" rel=\"noreferrer noopener\">Runollinen kulttuurik\u00e4vely<\/a><\/li>\n\n\n\n<li>Totuus ja arvo filosofi J. E. SALOMAAN mukaan, katso <a rel=\"noreferrer noopener\" aria-label=\"t\u00e4st\u00e4 (avautuu uudessa v\u00e4lilehdess\u00e4)\" href=\"http:\/\/koroinen.fi\/filocafe\/filosofian-ja-runon-rajoilla\/\" target=\"_blank\">t\u00e4st\u00e4<\/a><\/li>\n\n\n\n<li>Runoilija JOHN KEATS; el\u00e4m\u00e4 ja esimerkkirunot, ks. <a rel=\"noreferrer noopener\" aria-label=\"t\u00e4st\u00e4 (avautuu uudessa v\u00e4lilehdess\u00e4)\" href=\"https:\/\/www.tapatalk.com\/groups\/sovittelutkf\/viewtopic.php?p=877#p877\" target=\"_blank\">t\u00e4st\u00e4<\/a><\/li>\n\n\n\n<li>Runoilija JOHN KEATS, monologeja Endymion-runoelmasta, ks. <a rel=\"noreferrer noopener\" aria-label=\"t\u00e4st\u00e4 (avautuu uudessa v\u00e4lilehdess\u00e4)\" href=\"https:\/\/www.tapatalk.com\/groups\/sovittelutkf\/viewtopic.php?p=776#p776\" target=\"_blank\">t\u00e4st\u00e4<\/a> <\/li>\n\n\n\n<li>Runoilija FRANS MIKAEL FRANZEN;  el\u00e4m\u00e4 ja runoelma <a rel=\"noreferrer noopener\" aria-label=\"Laulu kreivi Creutzista (avautuu uudessa v\u00e4lilehdess\u00e4)\" href=\"https:\/\/www.tapatalk.com\/groups\/sovittelutkf\/laulu-kreivi-creutzista-frans-mikael-franzenin-muk-t15973242.html\" target=\"_blank\">Laulu kreivi Creutzista<\/a><\/li>\n<\/ul>\n\n\n\n<!--nextpage-->\n\n\n\n<h2 class=\"wp-block-heading\">Vuoden 2025  tiedotukset<\/h2>\n\n\n\n<ul class=\"wp-block-list\">\n<li>J\u00e4senkirje 3\/2025 ja samalla kutsu yhdistyksen joululounaalle saaristoravintolas OOBUun ke 17.12.2025 kello 12.00, ks. <a rel=\"noreferrer noopener\" href=\"http:\/\/www.koroinen.fi\/artikkelit\/wp-content\/uploads\/2025\/12\/Jasenkirje_3_2025.pdf\" data-type=\"URL\" data-id=\"http:\/\/www.koroinen.fi\/artikkelit\/wp-content\/uploads\/2025\/12\/Jasenkirje_3_2025.pdf\" target=\"_blank\">t\u00e4st\u00e4 <\/a><\/li>\n\n\n\n<li>J\u00e4senkirje 2\/2025, pvm 10.4.2025 ja samalla kutsu osallistumaan HaliSviikolle ja Jacobus Finno esitykseen j\u00e4senmaksun pyynn\u00f6n lis\u00e4ksi, ks. <a rel=\"noreferrer noopener\" href=\"http:\/\/www.koroinen.fi\/artikkelit\/wp-content\/uploads\/2025\/04\/Jasenkirje_2_2025.pdf\" data-type=\"URL\" data-id=\"http:\/\/www.koroinen.fi\/artikkelit\/wp-content\/uploads\/2025\/04\/Jasenkirje_2_2025.pdf\" target=\"_blank\">t\u00e4st\u00e4 <\/a><\/li>\n\n\n\n<li>J\u00e4senkirje 1\/2025 ja samalla kutsu yhdistyksen vuosikokoukseen 10.3.2025, ks. <a rel=\"noreferrer noopener\" href=\"http:\/\/www.koroinen.fi\/artikkelit\/wp-content\/uploads\/2025\/03\/Jasenkirje_1_2025.pdf\" data-type=\"URL\" data-id=\"http:\/\/www.koroinen.fi\/artikkelit\/wp-content\/uploads\/2025\/03\/Jasenkirje_1_2025.pdf\" target=\"_blank\">t\u00e4st\u00e4 <\/a><\/li>\n<\/ul>\n\n\n\n<h2 class=\"wp-block-heading\">Vuoden 2024  tiedotukset<\/h2>\n\n\n\n<ul class=\"wp-block-list\">\n<li><strong><em>El\u00e4m\u00e4\u00e4 Halisissa. Aulis Katajam\u00e4ki kertoo<\/em><\/strong>&nbsp;&#8211; kirjan arvostelu on julkaistu Kotiseutuliiton julkaisussa. Arvostelun on kirjoittanut Lassi S\u00e4ressalo.&nbsp;Kirjoitus julkaistu 4.3.2024 Kotiseutuliiton nettisivuston osastossa&nbsp;Esittelyt ja arvostelut 2024.&nbsp;Suora linkki kirjoitukseen l\u00f6ytyy <a rel=\"noreferrer noopener\" href=\"http:\/\/kotiseutuliitto.fi\/toiminta\/kirjamakasiini\/esittelyt-ja-arvostelut-2024\/elamaa-ja-ihmisia-halisissa\/?fbclid=IwZXh0bgNhZW0CMTEAAR2B_1FtnbJaVKUALp18GlGuWfKeIUAFfLe3XFsuDLxs1kyz5uxpAWAzSyo_aem_AcXsAns-py0MJTzU6u31rE2eaPa1AKtxbXbsncAkMYzOfQ6CTTuRdWJHIHtJr8n98v5gm-CQzXTwGOr3PSFD8SEC\" data-type=\"URL\" data-id=\"http:\/\/kotiseutuliitto.fi\/toiminta\/kirjamakasiini\/esittelyt-ja-arvostelut-2024\/elamaa-ja-ihmisia-halisissa\/?fbclid=IwZXh0bgNhZW0CMTEAAR2B_1FtnbJaVKUALp18GlGuWfKeIUAFfLe3XFsuDLxs1kyz5uxpAWAzSyo_aem_AcXsAns-py0MJTzU6u31rE2eaPa1AKtxbXbsncAkMYzOfQ6CTTuRdWJHIHtJr8n98v5gm-CQzXTwGOr3PSFD8SEC\" target=\"_blank\">t\u00e4st\u00e4<\/a>  <\/li>\n\n\n\n<li>Yhdistyksen <strong>j\u00e4senkirje 3\/2024<\/strong> on nyt ilmestynyt, ks. <a rel=\"noreferrer noopener\" href=\"http:\/\/www.koroinen.fi\/artikkelit\/wp-content\/uploads\/2024\/11\/Jasenkirje_3_2024.pdf\" target=\"_blank\">t\u00e4st\u00e4.<\/a><\/li>\n\n\n\n<li>Yhdistyksen <strong>j\u00e4senkirje 2\/2024<\/strong> l\u00f6ytyy <a rel=\"noreferrer noopener\" href=\"http:\/\/www.koroinen.fi\/artikkelit\/wp-content\/uploads\/2024\/04\/Jasenkirje_2_2024.Netti_.pdf\" data-type=\"URL\" data-id=\"http:\/\/www.koroinen.fi\/artikkelit\/wp-content\/uploads\/2024\/04\/Jasenkirje_2_2024.Netti_.pdf\" target=\"_blank\">t\u00e4st\u00e4<\/a> <\/li>\n\n\n\n<li>Yhdistyksen j\u00e4senkirje 1\/2024 ja kutsu vuosikokoukseen 12.3.2024 kello 18.00 l\u00f6ytyy<a rel=\"noreferrer noopener\" href=\"http:\/\/www.koroinen.fi\/artikkelit\/wp-content\/uploads\/2024\/02\/Jasenkirje_1_2024.pdf\" target=\"_blank\"> t\u00e4st\u00e4.<\/a><\/li>\n\n\n\n<li>Yhdistyksen aloite kuluvan vuoden<strong> asukasbudjettiin<\/strong> on seuraava: &#8221;<em>Opastetut teemaretket l\u00e4helle ja kauemmas tuovat tietoa ja hyvinvointia Halisten asukkaille ja muillekin &#8211; Tehd\u00e4\u00e4n ymp\u00e4rist\u00f6st\u00e4 my\u00f6s viihtyis\u00e4mpi.&#8221;<\/em> Toivomme, ett\u00e4 hanke toteutuisi. Toteutuminen edellytt\u00e4\u00e4 kannatusta. K\u00e4y \u00e4\u00e4nest\u00e4m\u00e4ss\u00e4. Sen ehtii viel\u00e4 tehd\u00e4 30.4.2024 saakka. \u00c4\u00e4nest\u00e4m\u00e4\u00e4n p\u00e4\u00e4see <a rel=\"noreferrer noopener\" href=\"http:\/\/asukasbudjetti.turku.fi\/\" data-type=\"URL\" data-id=\"http:\/\/asukasbudjetti.turku.fi\/\" target=\"_blank\">t\u00e4st\u00e4<\/a>.<\/li>\n\n\n\n<li>Runo- ja n\u00e4ytelm\u00e4esitys <a rel=\"noreferrer noopener\" href=\"https:\/\/koroinen.fi\/filocafe\/filocafe-ajatuksen-ja-toiminnan-perusteet\/\" target=\"_blank\">FINNO TUTUKSI<\/a> Kaarinassa 16.11.2024 kello 15.00. Tervetuloa tutustumaan<\/li>\n<\/ul>\n\n\n\n<h2 class=\"wp-block-heading\">Vuoden 2023 tiedotukset<\/h2>\n\n\n\n<ul class=\"wp-block-list\">\n<li><strong>FINNO TUTUKSI<\/strong> -hankeen esittely Maarian pappilan tallissa 10.1.2024 kello 13.00 &#8211; 14.00, ks. <a href=\"https:\/\/www.koroinen.fi\/artikkelit\/halisviikko-2023-kevaan-juhlaa\/\">t\u00e4st\u00e4<\/a>.<\/li>\n\n\n\n<li><strong>Yhdistyksen j\u00e4senkirje 3\/2023 on ilmestynyt ja l\u00f6ytyy <a rel=\"noreferrer noopener\" href=\"http:\/\/www.koroinen.fi\/artikkelit\/wp-content\/uploads\/2023\/11\/Jasenkirje_3_2023.pdf\" target=\"_blank\">t\u00e4st\u00e4<\/a><\/strong><\/li>\n\n\n\n<li><strong>El\u00e4m\u00e4\u00e4 ja ihmisi\u00e4 Halisissa &#8211; Aulis Katajam\u00e4ki kertoo &#8211;<\/strong>julkaisutilaisuus<strong> <\/strong>Nummen kirjastossa 1.11.2023 ks <a rel=\"noreferrer noopener\" href=\"http:\/\/www.koroinen.fi\/artikkelit\/wp-content\/uploads\/2023\/10\/Mediatiedote2_23.pdf\" target=\"_blank\">t\u00e4st\u00e4<\/a><\/li>\n<\/ul>\n\n\n\n<p><strong>Halisviikon 2023<\/strong> ohjelma on seuraava:<\/p>\n\n\n\n<ul class=\"wp-block-list\">\n<li>Halisten kyl\u00e4n umpipihat -kierros, ma 8.5.2023<\/li>\n\n\n\n<li>Kirjastoilta Nummen kirjastossa, 9.5.2023<\/li>\n\n\n\n<li>Runollinen kultturik\u00e4vely, ke 10.5.2023<\/li>\n\n\n\n<li>HaliSilta, to 11.5.2023<\/li>\n\n\n\n<li>Kylv\u00f6n siunaus, su 14.5.2023<\/li>\n\n\n\n<li>Ohjelmatiedot l\u00f6ytyv\u00e4t kokonaisuudessaan <a rel=\"noreferrer noopener\" href=\"https:\/\/www.koroinen.fi\/artikkelit\/halisviikko-2023-kevaan-juhlaa\/\" data-type=\"URL\" data-id=\"https:\/\/www.koroinen.fi\/artikkelit\/halisviikko-2023-kevaan-juhlaa\/\" target=\"_blank\">t\u00e4st\u00e4<\/a><\/li>\n<\/ul>\n\n\n\n<p><strong>Yhdistyksen j\u00e4senkirje 2\/2023 on ilmestynyt ja l\u00f6ytyy <a rel=\"noreferrer noopener\" href=\"http:\/\/www.koroinen.fi\/artikkelit\/wp-content\/uploads\/2023\/04\/Jasenkirje_2_2023.pdf\" target=\"_blank\">t\u00e4st\u00e4<\/a><\/strong><\/p>\n\n\n\n<p>Turun kaupunginsuunnittelu j\u00e4rjest\u00e4\u00e4 <strong>yleis\u00f6tilaisuuden<\/strong> Koroisten alueen kehitt\u00e4misest\u00e4 Halisten seurakuntatalolla to 9.2.2023 kello 18.00, ks.<a rel=\"noreferrer noopener\" href=\"https:\/\/www.turku.fi\/uutinen\/2023-02-03_turku-jarjestaa-yleisotilaisuuden-koroisten-alueen-kehittamisesta-mielipiteita\" data-type=\"URL\" data-id=\"https:\/\/www.turku.fi\/uutinen\/2023-02-03_turku-jarjestaa-yleisotilaisuuden-koroisten-alueen-kehittamisesta-mielipiteita\" target=\"_blank\"> t\u00e4st\u00e4 <\/a><\/p>\n\n\n\n<ul class=\"wp-block-list\">\n<li><strong>Tervetuloa kehitt\u00e4m\u00e4\u00e4n Asukasbudjettia!<\/strong><br>Aika: Maanantaina 20.3. kello 17.00-18.30<br>Paikka: Toimintakeskus Panskis, Hyrk\u00f6istentie 26<\/li>\n\n\n\n<li><strong>J\u00e4rjest\u00f6foorumi<\/strong><br>Aika: Keskiviikkona 29.3. kello 17.30\u201319.00<br>Paikka: Nuorten Taide- ja Toimintatalo VIMMAn sali, 3. krs, Aurakatu 16<\/li>\n\n\n\n<li>Lis\u00e4tietoja, ks.<a href=\"http:\/\/www.koroinen.fi\/artikkelit\/wp-content\/uploads\/2023\/03\/KapunginTapahtumia20-3Ja29.3.2023.pdf\" data-type=\"URL\" data-id=\"http:\/\/www.koroinen.fi\/artikkelit\/wp-content\/uploads\/2023\/03\/KapunginTapahtumia20-3Ja29.3.2023.pdf\" target=\"_blank\" rel=\"noreferrer noopener\"> t\u00e4st\u00e4<\/a>.<\/li>\n<\/ul>\n\n\n\n<p>Yhdistyksen <strong>vuosikokous<\/strong> pidet\u00e4\u00e4n 13.3.2023 kello 18.00 Sipimets\u00e4n kerhohuoneessa. Kokouksen esityslista l\u00f6ytyy <a rel=\"noreferrer noopener\" href=\"http:\/\/www.koroinen.fi\/HaliSeura\/Vuosikokous2023Esityslista.pdf\" target=\"_blank\">t\u00e4st\u00e4<\/a><\/p>\n\n\n\n<h2 class=\"wp-block-heading\">Vuoden 2022 tiedotuksia<\/h2>\n\n\n\n<h3 class=\"wp-block-heading\"><strong>HaliSviikkoa 2022<\/strong> vietettiin seuraavasti:<\/h3>\n\n\n\n<ul id=\"block-c6138e0d-6c06-4b8e-a6c0-8a9125a498e2\" class=\"wp-block-list\">\n<li><em>Kylv\u00f6n siunaus<\/em> yhdess\u00e4 Maarian seurakunnan kanssa jumalanpalveluksen j\u00e4\u00f6keen \u00e4itienp\u00e4iv\u00e4n\u00e4 8.5.2022 Maarian kirkon l\u00e4hipellolla.<\/li>\n\n\n\n<li><em>Kirjastoilta Romantiikkaa Halisten tapaan<\/em> 18.5.2022 Nummen kirjastossa. Teemaa esitteliv\u00e4t <strong>Ann-Christin Antell<\/strong> ja <strong>Timo Leinonen,<\/strong><\/li>\n\n\n\n<li><em>Halisiltaa 2022 &#8211; kes\u00e4\u00e4 tulee!<\/em> vietettiin Halisten koulun pihalla torstaina 19.5.2022 kello 18.00 &#8211; 20.00. Tilaisuudessa Halisakaksi vuodelle julistettiin <strong>Sinikka Paulin<\/strong> ja Halisukoksi vastaavasti T<strong>imo Ranti<\/strong>.<\/li>\n\n\n\n<li>Kuvasarja <em>HaliSillasta<\/em> l\u00f6ytyy <a rel=\"noreferrer noopener\" href=\"http:\/\/www.koroinen.fi\/artikkelit\/wp-content\/uploads\/2022\/05\/HaliSilta2022_esitys.pdf\" target=\"_blank\">t\u00e4st\u00e4<\/a><\/li>\n<\/ul>\n\n\n\n<h3 class=\"wp-block-heading\">Vuoden 2021 tiedotuksia<\/h3>\n\n\n\n<p>Kuvasarja yhdistyksen edustajien osallistumisesta Kakskertaseura ry:n illanvietosta Brinkhallissa l\u00f6ytyy <a href=\"http:\/\/www.koroinen.fi\/artikkelit\/wp-content\/uploads\/2022\/02\/KakskertaseuranIllanvietto2021.pdf\" target=\"_blank\" rel=\"noreferrer noopener\" aria-label=\"t\u00e4st\u00e4 (avautuu uudessa v\u00e4lilehdess\u00e4)\">t\u00e4st\u00e4<\/a><\/p>\n\n\n\n<p>Yhdistys oli mukana Maarian seurakunnan j\u00e4rjest\u00e4m\u00e4ss\u00e4 Kylv\u00f6n siunaus -tilaisuudessa Halisissa 13.5.2021. Tilaisuudesta valmistettu video on vapaasti n\u00e4ht\u00e4viss\u00e4 verkossa kahden viikon ajan. Video on julkaistu 19.5.2021. Se le l\u00f6ytyy t\u00e4st\u00e4 <a rel=\"noreferrer noopener\" aria-label=\"linkist\u00e4 (avautuu uudessa v\u00e4lilehdess\u00e4)\" href=\"https:\/\/www.facebook.com\/maarianseurakunta\/videos\/383460442930421\" target=\"_blank\">linkist\u00e4<\/a>.<\/p>\n\n\n\n<p>Yhdistyksen vuosikokous pidettiin lauantaina 22.5.2021 Rantien luona Valkkimyllynkuja 1, Halisissa. Yhdistyksen puheenjohtajana jatkaa Tapio Jokinen<a rel=\"noreferrer noopener\" aria-label=\"t\u00e4st\u00e4. (avautuu uudessa v\u00e4lilehdess\u00e4)\" href=\"http:\/\/www.koroinen.fi\/artikkelit\/wp-content\/uploads\/2021\/05\/YhdistyksenHallinto2021.pdf\" target=\"_blank\">.<\/a><\/p>\n\n\n\n<p><a rel=\"noreferrer noopener\" href=\"HaliSeura\/Hallinto2020.pdf\" target=\"_blank\"><br><\/a><\/p>\n","protected":false},"excerpt":{"rendered":"<p>HALINEN-R\u00c4NT\u00c4M\u00c4KI ry Kotiseutuyhdistys Halinen-R\u00e4nt\u00e4m\u00e4ki ry on perustettu 12.12.1997 alueen kulttuuristen arvojen yll\u00e4pit\u00e4miseksi ja kehitt\u00e4miseksi.&nbsp;Halinen-R\u00e4nt\u00e4m\u00e4ki ry:n toinen t\u00e4rke\u00e4 teht\u00e4v\u00e4 on ollut luoda yhteisty\u00f6verkostoja ja lis\u00e4t\u00e4 asukkaiden viihtyvyytt\u00e4 ja yhteenkuuluvuutta, kasvattaa kotiseutuhenke\u00e4. Koroinen.fi Yhdistys hallinnoi verkkojulkaisua www.koroinen.fi. Julkaisun vastaavana p\u00e4\u00e4toimittajana on Tapio Jokinen ja toimitussihteerin\u00e4 Timo Leinonen. Verkkojulkaisu Koroinen.fi perustettiin eli 2008, samana vuonna kuin KoroiSet kaupunginosalehti &#8230; <a title=\"Kotiseutuyhdistys ja Koroinen.fi\" class=\"read-more\" href=\"https:\/\/www.koroinen.fi\/artikkelit\/kotiseutuyhdistys\/\" aria-label=\"Lue lis\u00e4\u00e4 aiheesta Kotiseutuyhdistys ja Koroinen.fi\">Lue lis\u00e4\u00e4<\/a><\/p>\n","protected":false},"author":1,"featured_media":0,"parent":0,"menu_order":0,"comment_status":"closed","ping_status":"closed","template":"","meta":{"footnotes":""},"class_list":["post-1775","page","type-page","status-publish"],"_links":{"self":[{"href":"https:\/\/www.koroinen.fi\/artikkelit\/wp-json\/wp\/v2\/pages\/1775","targetHints":{"allow":["GET"]}}],"collection":[{"href":"https:\/\/www.koroinen.fi\/artikkelit\/wp-json\/wp\/v2\/pages"}],"about":[{"href":"https:\/\/www.koroinen.fi\/artikkelit\/wp-json\/wp\/v2\/types\/page"}],"author":[{"embeddable":true,"href":"https:\/\/www.koroinen.fi\/artikkelit\/wp-json\/wp\/v2\/users\/1"}],"replies":[{"embeddable":true,"href":"https:\/\/www.koroinen.fi\/artikkelit\/wp-json\/wp\/v2\/comments?post=1775"}],"version-history":[{"count":158,"href":"https:\/\/www.koroinen.fi\/artikkelit\/wp-json\/wp\/v2\/pages\/1775\/revisions"}],"predecessor-version":[{"id":3672,"href":"https:\/\/www.koroinen.fi\/artikkelit\/wp-json\/wp\/v2\/pages\/1775\/revisions\/3672"}],"wp:attachment":[{"href":"https:\/\/www.koroinen.fi\/artikkelit\/wp-json\/wp\/v2\/media?parent=1775"}],"curies":[{"name":"wp","href":"https:\/\/api.w.org\/{rel}","templated":true}]}}