{"id":1748,"date":"2021-04-27T19:35:54","date_gmt":"2021-04-27T16:35:54","guid":{"rendered":"http:\/\/www.koroinen.fi\/artikkelit\/?page_id=1748"},"modified":"2025-09-07T19:33:37","modified_gmt":"2025-09-07T16:33:37","slug":"palvelut-ja-tuotteet","status":"publish","type":"page","link":"https:\/\/www.koroinen.fi\/artikkelit\/palvelut-ja-tuotteet\/","title":{"rendered":"Palvelut ja tuotteet"},"content":{"rendered":"\n<h2 class=\"wp-block-heading has-vivid-red-color has-text-color\">TiIaukset: timo.a.leinonen(at)gmail.com<\/h2>\n\n\n\n<h2 class=\"wp-block-heading has-black-color has-luminous-vivid-amber-background-color has-text-color has-background\"><strong>A. Myyntituotteet<\/strong>. Ty\u00f6n alla olevat \u00e4\u00e4nikirjat, ks. <a rel=\"noreferrer noopener\" href=\"https:\/\/koroinen.fi\/filocafe\/aanikirjat\/\" data-type=\"URL\" data-id=\"https:\/\/koroinen.fi\/filocafe\/aanikirjat\/\" target=\"_blank\">t\u00e4st\u00e4<\/a><\/h2>\n\n\n\n<ul class=\"wp-block-list\">\n<li>Lista muista tuotteista ja niiden hinnoista, ks.<a href=\"http:\/\/www.koroinen.fi\/artikkelit\/wp-content\/uploads\/2024\/12\/Myyntiaineistot.pdf\" data-type=\"URL\" data-id=\"http:\/\/www.koroinen.fi\/artikkelit\/wp-content\/uploads\/2024\/12\/Myyntiaineistot.pdf\"> <\/a><a href=\"http:\/\/www.koroinen.fi\/artikkelit\/wp-content\/uploads\/2025\/09\/Myyntiaineistot.pdf\" data-type=\"URL\" data-id=\"http:\/\/www.koroinen.fi\/artikkelit\/wp-content\/uploads\/2025\/09\/Myyntiaineistot.pdf\" target=\"_blank\" rel=\"noreferrer noopener\">t\u00e4st\u00e4 <\/a><\/li>\n\n\n\n<li>Kotiseututeos Kaarlo Marjanen R\u00e4nt\u00e4m<strong>\u00e4en<\/strong> Prusin talosta, ks.<a rel=\"noreferrer noopener\" href=\"http:\/\/www.koroinen.fi\/artikkelit\/wp-content\/uploads\/2024\/12\/KaarloMarjanenKannet.pdf\" data-type=\"URL\" data-id=\"http:\/\/www.koroinen.fi\/artikkelit\/wp-content\/uploads\/2024\/12\/KaarloMarjanenKannet.pdf\" target=\"_blank\"> t\u00e4st\u00e4<\/a><\/li>\n\n\n\n<li>Kotiseututeos El\u00e4m\u00e4\u00e4 ja ihmisi\u00e4 Halisissa, ks.<a href=\"http:\/\/www.koroinen.fi\/artikkelit\/wp-content\/uploads\/2023\/10\/KatajamakiKannet.pdf\" target=\"_blank\" rel=\"noreferrer noopener\"> t\u00e4st\u00e4<\/a><\/li>\n\n\n\n<li>Kortti historiallisella kuvalla, ks.<a rel=\"noreferrer noopener\" aria-label=\" t\u00e4st\u00e4 (avautuu uudessa v\u00e4lilehdess\u00e4)\" href=\"http:\/\/www.koroinen.fi\/artikkelit\/wp-content\/uploads\/2021\/04\/Haliskortti_VanhaKuva.pdf\" target=\"_blank\"> t\u00e4st\u00e4<\/a> <\/li>\n\n\n\n<li>Kortti lasten piirustuksilla,<a rel=\"noreferrer noopener\" aria-label=\" http:\/\/www.koroinen.fi\/artikkelit\/wp-content\/uploads\/2021\/04\/HalisKortti__Taulut_kansi.pdf (avautuu uudessa v\u00e4lilehdess\u00e4)\" href=\"http:\/\/www.koroinen.fi\/artikkelit\/wp-content\/uploads\/2021\/04\/HalisKortti__Taulut_kansi.pdf\" target=\"_blank\"> <\/a>ks. <a rel=\"noreferrer noopener\" aria-label=\"t\u00e4st\u00e4. (avautuu uudessa v\u00e4lilehdess\u00e4)\" href=\"http:\/\/www.koroinen.fi\/artikkelit\/wp-content\/uploads\/2021\/04\/HalisKortti__Taulut_kansi.pdf\" target=\"_blank\">t\u00e4st\u00e4.<\/a><\/li>\n\n\n\n<li>2 kpl videota MUISTOJEN HALINEN &#8211; &#8221;Halisukot haastattelussa&#8221;, ks. <a rel=\"noreferrer noopener\" aria-label=\"t\u00e4st\u00e4 (avautuu uudessa v\u00e4lilehdess\u00e4)\" href=\"http:\/\/www.koroinen.fi\/artikkelit\/wp-content\/uploads\/2021\/04\/IMG_4613.jpeg\" target=\"_blank\">t\u00e4st\u00e4<\/a><\/li>\n\n\n\n<li>1 kpl video n\u00e4ytelm\u00e4st\u00e4 Turun dramaattisista tapahtumista 1918: TOIVON JA TUHON TIE, ks. <a rel=\"noreferrer noopener\" aria-label=\"t\u00e4st\u00e4 (avautuu uudessa v\u00e4lilehdess\u00e4)\" href=\"http:\/\/www.koroinen.fi\/artikkelit\/wp-content\/uploads\/2021\/04\/IMG_4623-2.jpeg\" target=\"_blank\">t\u00e4st\u00e4<\/a>. <\/li>\n\n\n\n<li>KoroiSet -lehdet vuosilta 2008 &#8211; 2017, ks. lehdet <a rel=\"noreferrer noopener\" aria-label=\"t\u00e4st\u00e4 (avautuu uudessa v\u00e4lilehdess\u00e4)\" href=\"http:\/\/www.koroinen.fi\/artikkelit\/koroiset-2008-2017-mita-kaikkea-niissa-on\/#more-1658\" target=\"_blank\">t\u00e4st\u00e4<\/a>.<\/li>\n<\/ul>\n\n\n<div class=\"wp-block-image\">\n<figure class=\"aligncenter size-large\"><img loading=\"lazy\" decoding=\"async\" width=\"640\" height=\"242\" src=\"http:\/\/www.koroinen.fi\/artikkelit\/wp-content\/uploads\/2021\/04\/IMG_2272.jpeg\" alt=\"\" class=\"wp-image-1821\" srcset=\"https:\/\/www.koroinen.fi\/artikkelit\/wp-content\/uploads\/2021\/04\/IMG_2272.jpeg 640w, https:\/\/www.koroinen.fi\/artikkelit\/wp-content\/uploads\/2021\/04\/IMG_2272-300x113.jpeg 300w\" sizes=\"auto, (max-width: 640px) 100vw, 640px\" \/><\/figure>\n<\/div>\n\n\n<h2 class=\"wp-block-heading has-vivid-cyan-blue-color has-text-color\"><strong>B. Kotiseutuk\u00e4vely Halisissa<\/strong><\/h2>\n\n\n\n<ul class=\"wp-block-list\">\n<li>Kehitteill\u00e4 uuden kotiseututeoksen pohjalta<\/li>\n<\/ul>\n\n\n\n<h2 class=\"wp-block-heading has-vivid-cyan-blue-color has-text-color\"><strong>C. Runollinen kulttuurik\u00e4vely ryhmille<\/strong><\/h2>\n\n\n\n<ul class=\"wp-block-list\">\n<li>K\u00e4vely on tarkoitettu rentouttavaksi  tuokioksi runouden ja luonnon yst\u00e4vill\u00e4. <\/li>\n\n\n\n<li>K\u00e4velyn kesto on noin 1 tuntia. Suositeltava ryhm\u00e4n koko on noin 10 henkil\u00f6\u00e4. L\u00e4ht\u00f6 tapahtuu Halisten kosken \u00e4\u00e4relt\u00e4.<\/li>\n\n\n\n<li>Ohjatun retken hinta on 50 &#8211; 100 euroa ryhm\u00e4n koosta ja erityistoiveista riippuen.<\/li>\n\n\n\n<li>Ks. esite <a rel=\"noreferrer noopener\" href=\"http:\/\/www.koroinen.fi\/artikkelit\/wp-content\/uploads\/2023\/02\/Kulttuurikavely.pdf\" data-type=\"URL\" data-id=\"http:\/\/www.koroinen.fi\/artikkelit\/wp-content\/uploads\/2023\/02\/Kulttuurikavely.pdf\" target=\"_blank\">t\u00e4st\u00e4 <\/a>.<\/li>\n<\/ul>\n\n\n<div class=\"wp-block-image\">\n<figure class=\"aligncenter size-large\"><img loading=\"lazy\" decoding=\"async\" width=\"1024\" height=\"498\" src=\"http:\/\/www.koroinen.fi\/artikkelit\/wp-content\/uploads\/2021\/09\/242505713_375843220854140_28347850977701579_n-1024x498.jpg\" alt=\"\" class=\"wp-image-1907\" srcset=\"https:\/\/www.koroinen.fi\/artikkelit\/wp-content\/uploads\/2021\/09\/242505713_375843220854140_28347850977701579_n-1024x498.jpg 1024w, https:\/\/www.koroinen.fi\/artikkelit\/wp-content\/uploads\/2021\/09\/242505713_375843220854140_28347850977701579_n-300x146.jpg 300w, https:\/\/www.koroinen.fi\/artikkelit\/wp-content\/uploads\/2021\/09\/242505713_375843220854140_28347850977701579_n-768x374.jpg 768w, https:\/\/www.koroinen.fi\/artikkelit\/wp-content\/uploads\/2021\/09\/242505713_375843220854140_28347850977701579_n-1536x747.jpg 1536w, https:\/\/www.koroinen.fi\/artikkelit\/wp-content\/uploads\/2021\/09\/242505713_375843220854140_28347850977701579_n.jpg 1552w\" sizes=\"auto, (max-width: 1024px) 100vw, 1024px\" \/><figcaption class=\"wp-element-caption\">Endymion-hankkeen esittely turkulaisille Aurajoella Taidelautalla 29.8.2021 taamana John Keatsin nimen kirjoittaminen Aurajokeen. Kuva: Art Safari<\/figcaption><\/figure>\n<\/div>\n\n\n<h2 class=\"wp-block-heading has-vivid-cyan-blue-color has-text-color\"><strong>D. John Keats Auran rannoilla &#8211; Endymion rakkauden ja tuskan tiell\u00e4 <\/strong><\/h2>\n\n\n\n<ul class=\"wp-block-list\">\n<li>Runoelma ja sen t\u00e4h\u00e4nastiset esitykset l\u00f6ytyv\u00e4r<a rel=\"noreferrer noopener\" aria-label=\" t\u00e4st\u00e4 (avautuu uudessa v\u00e4lilehdess\u00e4)\" href=\"http:\/\/www.koroinen.fi\/artikkelit\/wp-content\/uploads\/2021\/09\/EsiteEndymion_1_11-.jpg\" target=\"_blank\"> t\u00e4st\u00e4<\/a>. P\u00e4\u00e4esitykset ovat kes\u00e4ll\u00e4 2022, muut esitysp\u00e4iv\u00e4t ja -paikat eri sopimusten mukaan. Seuraa tiedotuksiamme. <\/li>\n\n\n\n<li>Runoelman I osa on julkaistu syyskuussa 2021 ja on erikseen tilattavissa hintaan 20 euroa ja toimituskulut. Tilaukset: timo.a.leinonen(at)gmail.com.<\/li>\n<\/ul>\n","protected":false},"excerpt":{"rendered":"<p>TiIaukset: timo.a.leinonen(at)gmail.com A. Myyntituotteet. Ty\u00f6n alla olevat \u00e4\u00e4nikirjat, ks. t\u00e4st\u00e4 B. Kotiseutuk\u00e4vely Halisissa C. Runollinen kulttuurik\u00e4vely ryhmille D. John Keats Auran rannoilla &#8211; Endymion rakkauden ja tuskan tiell\u00e4<\/p>\n","protected":false},"author":1,"featured_media":2457,"parent":0,"menu_order":0,"comment_status":"closed","ping_status":"closed","template":"","meta":{"footnotes":""},"class_list":["post-1748","page","type-page","status-publish","has-post-thumbnail"],"_links":{"self":[{"href":"https:\/\/www.koroinen.fi\/artikkelit\/wp-json\/wp\/v2\/pages\/1748","targetHints":{"allow":["GET"]}}],"collection":[{"href":"https:\/\/www.koroinen.fi\/artikkelit\/wp-json\/wp\/v2\/pages"}],"about":[{"href":"https:\/\/www.koroinen.fi\/artikkelit\/wp-json\/wp\/v2\/types\/page"}],"author":[{"embeddable":true,"href":"https:\/\/www.koroinen.fi\/artikkelit\/wp-json\/wp\/v2\/users\/1"}],"replies":[{"embeddable":true,"href":"https:\/\/www.koroinen.fi\/artikkelit\/wp-json\/wp\/v2\/comments?post=1748"}],"version-history":[{"count":90,"href":"https:\/\/www.koroinen.fi\/artikkelit\/wp-json\/wp\/v2\/pages\/1748\/revisions"}],"predecessor-version":[{"id":3515,"href":"https:\/\/www.koroinen.fi\/artikkelit\/wp-json\/wp\/v2\/pages\/1748\/revisions\/3515"}],"wp:featuredmedia":[{"embeddable":true,"href":"https:\/\/www.koroinen.fi\/artikkelit\/wp-json\/wp\/v2\/media\/2457"}],"wp:attachment":[{"href":"https:\/\/www.koroinen.fi\/artikkelit\/wp-json\/wp\/v2\/media?parent=1748"}],"curies":[{"name":"wp","href":"https:\/\/api.w.org\/{rel}","templated":true}]}}